{"id":389,"date":"2021-11-18T11:47:47","date_gmt":"2021-11-18T11:47:47","guid":{"rendered":"https:\/\/www.icmhsg.org\/?page_id=389"},"modified":"2021-11-18T11:47:47","modified_gmt":"2021-11-18T11:47:47","slug":"luis","status":"publish","type":"page","link":"https:\/\/www.icmhsg.org\/index.php\/collaborators\/luis\/","title":{"rendered":"Lu\u00eds"},"content":{"rendered":"\n<p>Lu\u00eds Ant\u00f4nio Monteiro is a clinical psychology and logotherapy specialist and a professor at the Pontifical Catholic University of Rio de Janeiro. In addition, he coordinates psychologists at the Municipal Health Center of Duque de Caxias, Rio de Janeiro, Brazil, and master students in psychology at the Catholic University of Petr\u00f3polis. He is the founding member of the Virtual Laboratory of Cognitive, Affective, and Behavioral Neuropsychometry &#8211; LAVINAC. <\/p>\n\n\n\n<p> Lu\u00eds is a member of the Brazilian Society of Psychology and the American Society of Psychology. <\/p>\n\n\n\n<p>Research and publications <a href=\"https:\/\/www.researchgate.net\/profile\/Luis-Antonio-Campos\" target=\"_blank\" rel=\"noreferrer noopener\">https:\/\/www.researchgate.net\/profile\/Luis-Antonio-Campos<\/a><\/p>\n","protected":false},"excerpt":{"rendered":"<p>Lu\u00eds Ant\u00f4nio Monteiro is a clinical psychology and logotherapy specialist and a professor at the Pontifical Catholic University of Rio de Janeiro. In addition, he coordinates psychologists at the Municipal Health Center of Duque de Caxias, Rio de Janeiro, Brazil, and master students in psychology at the Catholic University of Petr\u00f3polis. He is the founding&#8230;<\/p>\n<p><a href=\"https:\/\/www.icmhsg.org\/index.php\/collaborators\/luis\/\" class=\"more-link\">Read more <span class=\"screen-reader-text\">Lu\u00eds<\/span><\/a><\/p>\n","protected":false},"author":1,"featured_media":0,"parent":244,"menu_order":0,"comment_status":"closed","ping_status":"closed","template":"","meta":{"footnotes":""},"class_list":["post-389","page","type-page","status-publish","hentry"],"yoast_head":"<!-- This site is optimized with the Yoast SEO plugin v17.6 - https:\/\/yoast.com\/wordpress\/plugins\/seo\/ -->\n<title>Lu\u00eds - ICMH-SG<\/title>\n<meta name=\"robots\" content=\"index, follow, max-snippet:-1, max-image-preview:large, max-video-preview:-1\" \/>\n<link rel=\"canonical\" href=\"https:\/\/www.icmhsg.org\/index.php\/collaborators\/luis\/\" \/>\n<meta property=\"og:locale\" content=\"en_US\" \/>\n<meta property=\"og:type\" content=\"article\" \/>\n<meta property=\"og:title\" content=\"Lu\u00eds - ICMH-SG\" \/>\n<meta property=\"og:description\" content=\"Lu\u00eds Ant\u00f4nio Monteiro is a clinical psychology and logotherapy specialist and a professor at the Pontifical Catholic University of Rio de Janeiro. In addition, he coordinates psychologists at the Municipal Health Center of Duque de Caxias, Rio de Janeiro, Brazil, and master students in psychology at the Catholic University of Petr\u00f3polis. He is the founding...Read more Lu\u00eds\" \/>\n<meta property=\"og:url\" content=\"https:\/\/www.icmhsg.org\/index.php\/collaborators\/luis\/\" \/>\n<meta property=\"og:site_name\" content=\"ICMH-SG\" \/>\n<meta property=\"article:publisher\" content=\"https:\/\/www.facebook.com\/International-Child-Mental-Health-Study-Group-423569974422042\/\" \/>\n<meta name=\"twitter:card\" content=\"summary_large_image\" \/>\n<meta name=\"twitter:site\" content=\"@ICMHGroup\" \/>\n<script type=\"application\/ld+json\" class=\"yoast-schema-graph\">{\"@context\":\"https:\/\/schema.org\",\"@graph\":[{\"@type\":\"WebSite\",\"@id\":\"https:\/\/www.icmhsg.org\/#website\",\"url\":\"https:\/\/www.icmhsg.org\/\",\"name\":\"ICMHSG\",\"description\":\"Brighter future for cross-cultural research\",\"potentialAction\":[{\"@type\":\"SearchAction\",\"target\":{\"@type\":\"EntryPoint\",\"urlTemplate\":\"https:\/\/www.icmhsg.org\/?s={search_term_string}\"},\"query-input\":\"required name=search_term_string\"}],\"inLanguage\":\"en-US\"},{\"@type\":\"WebPage\",\"@id\":\"https:\/\/www.icmhsg.org\/index.php\/collaborators\/luis\/#webpage\",\"url\":\"https:\/\/www.icmhsg.org\/index.php\/collaborators\/luis\/\",\"name\":\"Lu\\u00eds - ICMH-SG\",\"isPartOf\":{\"@id\":\"https:\/\/www.icmhsg.org\/#website\"},\"datePublished\":\"2021-11-18T11:47:47+00:00\",\"dateModified\":\"2021-11-18T11:47:47+00:00\",\"breadcrumb\":{\"@id\":\"https:\/\/www.icmhsg.org\/index.php\/collaborators\/luis\/#breadcrumb\"},\"inLanguage\":\"en-US\",\"potentialAction\":[{\"@type\":\"ReadAction\",\"target\":[\"https:\/\/www.icmhsg.org\/index.php\/collaborators\/luis\/\"]}]},{\"@type\":\"BreadcrumbList\",\"@id\":\"https:\/\/www.icmhsg.org\/index.php\/collaborators\/luis\/#breadcrumb\",\"itemListElement\":[{\"@type\":\"ListItem\",\"position\":1,\"name\":\"Home\",\"item\":\"https:\/\/www.icmhsg.org\/\"},{\"@type\":\"ListItem\",\"position\":2,\"name\":\"People\",\"item\":\"https:\/\/www.icmhsg.org\/index.php\/collaborators\/\"},{\"@type\":\"ListItem\",\"position\":3,\"name\":\"Lu\\u00eds\"}]}]}<\/script>\n<!-- \/ Yoast SEO plugin. -->","yoast_head_json":{"title":"Lu\u00eds - ICMH-SG","robots":{"index":"index","follow":"follow","max-snippet":"max-snippet:-1","max-image-preview":"max-image-preview:large","max-video-preview":"max-video-preview:-1"},"canonical":"https:\/\/www.icmhsg.org\/index.php\/collaborators\/luis\/","og_locale":"en_US","og_type":"article","og_title":"Lu\u00eds - ICMH-SG","og_description":"Lu\u00eds Ant\u00f4nio Monteiro is a clinical psychology and logotherapy specialist and a professor at the Pontifical Catholic University of Rio de Janeiro. In addition, he coordinates psychologists at the Municipal Health Center of Duque de Caxias, Rio de Janeiro, Brazil, and master students in psychology at the Catholic University of Petr\u00f3polis. He is the founding...Read more Lu\u00eds","og_url":"https:\/\/www.icmhsg.org\/index.php\/collaborators\/luis\/","og_site_name":"ICMH-SG","article_publisher":"https:\/\/www.facebook.com\/International-Child-Mental-Health-Study-Group-423569974422042\/","twitter_card":"summary_large_image","twitter_site":"@ICMHGroup","schema":{"@context":"https:\/\/schema.org","@graph":[{"@type":"WebSite","@id":"https:\/\/www.icmhsg.org\/#website","url":"https:\/\/www.icmhsg.org\/","name":"ICMHSG","description":"Brighter future for cross-cultural research","potentialAction":[{"@type":"SearchAction","target":{"@type":"EntryPoint","urlTemplate":"https:\/\/www.icmhsg.org\/?s={search_term_string}"},"query-input":"required name=search_term_string"}],"inLanguage":"en-US"},{"@type":"WebPage","@id":"https:\/\/www.icmhsg.org\/index.php\/collaborators\/luis\/#webpage","url":"https:\/\/www.icmhsg.org\/index.php\/collaborators\/luis\/","name":"Lu\u00eds - ICMH-SG","isPartOf":{"@id":"https:\/\/www.icmhsg.org\/#website"},"datePublished":"2021-11-18T11:47:47+00:00","dateModified":"2021-11-18T11:47:47+00:00","breadcrumb":{"@id":"https:\/\/www.icmhsg.org\/index.php\/collaborators\/luis\/#breadcrumb"},"inLanguage":"en-US","potentialAction":[{"@type":"ReadAction","target":["https:\/\/www.icmhsg.org\/index.php\/collaborators\/luis\/"]}]},{"@type":"BreadcrumbList","@id":"https:\/\/www.icmhsg.org\/index.php\/collaborators\/luis\/#breadcrumb","itemListElement":[{"@type":"ListItem","position":1,"name":"Home","item":"https:\/\/www.icmhsg.org\/"},{"@type":"ListItem","position":2,"name":"People","item":"https:\/\/www.icmhsg.org\/index.php\/collaborators\/"},{"@type":"ListItem","position":3,"name":"Lu\u00eds"}]}]}},"_links":{"self":[{"href":"https:\/\/www.icmhsg.org\/index.php\/wp-json\/wp\/v2\/pages\/389","targetHints":{"allow":["GET"]}}],"collection":[{"href":"https:\/\/www.icmhsg.org\/index.php\/wp-json\/wp\/v2\/pages"}],"about":[{"href":"https:\/\/www.icmhsg.org\/index.php\/wp-json\/wp\/v2\/types\/page"}],"author":[{"embeddable":true,"href":"https:\/\/www.icmhsg.org\/index.php\/wp-json\/wp\/v2\/users\/1"}],"replies":[{"embeddable":true,"href":"https:\/\/www.icmhsg.org\/index.php\/wp-json\/wp\/v2\/comments?post=389"}],"version-history":[{"count":2,"href":"https:\/\/www.icmhsg.org\/index.php\/wp-json\/wp\/v2\/pages\/389\/revisions"}],"predecessor-version":[{"id":391,"href":"https:\/\/www.icmhsg.org\/index.php\/wp-json\/wp\/v2\/pages\/389\/revisions\/391"}],"up":[{"embeddable":true,"href":"https:\/\/www.icmhsg.org\/index.php\/wp-json\/wp\/v2\/pages\/244"}],"wp:attachment":[{"href":"https:\/\/www.icmhsg.org\/index.php\/wp-json\/wp\/v2\/media?parent=389"}],"curies":[{"name":"wp","href":"https:\/\/api.w.org\/{rel}","templated":true}]}}