{"id":120,"date":"2019-12-06T14:12:14","date_gmt":"2019-12-06T14:12:14","guid":{"rendered":"https:\/\/www.icmhsg.org\/?page_id=120"},"modified":"2022-07-10T16:38:32","modified_gmt":"2022-07-10T16:38:32","slug":"publications","status":"publish","type":"page","link":"https:\/\/www.icmhsg.org\/index.php\/publications\/","title":{"rendered":"PUBLICATIONS"},"content":{"rendered":"\n<p>Bagheri, Z., Chamanpara, P., Jafari, P., Balhara, Y. P. S., Arya, S., Ransing, R., Vi Vu Thi, T., Ngoc Huong, T., Yilmaz Kafali, H., Erzin, G., Vally, Z., Rani Roy Chowdhury, M., Sharma, P., Shakya, R., Antonio Monteiro Campos, L., Rebeka Szczegielniak, Stevanovi\u0107, D. (2022). <em><strong>Cross-cultural measurement invariance of the Quality of Life Enjoyment and Satisfaction Questionnaire-Short form across ten countries: the application of Bayesian approximate measurement invariance<\/strong><\/em>. BMC psychology, 10(1), 1-10. <a href=\"https:\/\/bmcpsychology.biomedcentral.com\/articles\/10.1186\/s40359-022-00864-y\" target=\"_blank\" rel=\"noreferrer noopener\">https:\/\/bmcpsychology.biomedcentral.com\/articles\/10.1186\/s40359-022-00864-y<\/a><\/p>\n\n\n\n<p>Burkauskas, J., Griskova-Bulanova, I., \u0110ori\u0107, A., Balhara, Y.P.S, Sidharth, A., Ransing, R., Vi Vu Thi, T., Ngoc Huong, T., Yilmaz Kafali, H., Erzin, G., Vally, Z., Rani Roy Chowdhury, M., Sharma, P., Shakya, R., Moreira, P., Faria, S., Multazam Noor, I., Ant\u00f4nio Monteiro Campos, L., Rebeka Szczegielniak, A., Stevanovic, D. (2022). <strong><em>Association of Internet gaming disorder symptoms with anxiety and depressive symptoms and substance use: an international cross-sectional study<\/em><\/strong>. Middle East Curr Psychiatry 29, 14. <a href=\"https:\/\/doi.org\/10.1186\/s43045-022-00180-6\" target=\"_blank\" rel=\"noreferrer noopener\">https:\/\/doi.org\/10.1186\/s43045-022-00180-6<\/a><\/p>\n\n\n\n<p>Stevanovic, D., Vostanis, P., Atilola, O., &amp; ICMH-SG. <strong><em>International Child Mental Health \u2013 Study Group (ICMH-SG): The first 10 years<\/em><\/strong>. World Child and Adolescent Psychiatry, 2021, 21, 22-26. <a href=\"https:\/\/www.researchgate.net\/publication\/357688683_International_Child_Mental_Health_-_Study_Group_ICMH-SG_The_first_10_years\" target=\"_blank\" rel=\"noreferrer noopener\">https:\/\/www.researchgate.net\/publication\/357688683_International_Child_Mental_Health_-_Study_Group_ICMH-SG_The_first_10_years<\/a><\/p>\n\n\n\n<p>Stupar, D., Stevanovic, D., Vostanis, P., Atilola, O., Moreira, P., Dodig-Curkovic, K., Franic T., Doric, A., Davidovic, N., Avicenna, M., Noor Multazam, I., Nussbaum, L., Aziz Thabet, A., Ubalde, D., Petrov, P., Deljkovic, A., Luis Monteiro, A., Ribas, A., Jovanovic, M., Joana, O, &amp; Knez, R. (2021). <strong><em>Posttraumatic stress disorder symptoms among trauma-exposed adolescents from low-and middle-income countries<\/em><\/strong>. Child and adolescent psychiatry and mental health, 15(1):26, 1-10. <a aria-label=\" (opens in a new tab)\" href=\"https:\/\/doi.org\/10.1186\/s13034-021-00378-2\" target=\"_blank\" rel=\"noreferrer noopener\">https:\/\/doi.org\/10.1186\/s13034-021-00378-2<\/a><\/p>\n\n\n\n<p>Atilola, O., Stevanovic, D., Moreira, P., Dodig-\u0106urkovi\u0107, K., Franic, T., Djoric, A., Davidovic, N., Avicenna, M., Multazam Noor, I., Luis Monteiro, A., Ribas, A., Stupar, D., Deljkovic, A., Nussbaum, L., Thabet, A., Ubalde, D., Petrov, P., Vostanis, P., Knez R. (2021). <strong><em>External locus-of control partially mediates the association between cumulative trauma exposure and posttraumatic  stress symptoms among adolescents from diverse background<\/em><\/strong>. Anxiety, Stress, &amp; Coping, 4(6):626-644. <a rel=\"noreferrer noopener\" aria-label=\" (opens in a new tab)\" href=\"https:\/\/doi.org\/10.1080\/10615806.2021.1891224\" target=\"_blank\">https:\/\/doi.org\/10.1080\/10615806.2021.1891224<\/a><\/p>\n\n\n\n<p>Balhara, Y.P.S., Singh, S., Doric, A., Stevanovic, D., Knez, R., Chowdhury, M.R.R., Yilmaz Kafali, H., Sharma, P., Vally, Z., Vi Vu, T., Arya, S., Mahendru, A., Ransing, R., Erzin, G., Le Thi Cam Hong Le, H. (2020)  <strong><em>Can daily internet use time screen for problematic internet use among college students? A receiver operator characteristic curve-based multi-country study<\/em><\/strong>.   Neurology, Psychiatry &amp; Brain Research, 38,  43-48. <a href=\"https:\/\/www.sciencedirect.com\/science\/article\/pii\/S0941950020301263#abs0005\" target=\"_blank\" rel=\"noreferrer noopener\" aria-label=\"https:\/\/www.sciencedirect.com\/science\/article\/pii\/S0941950020301263#abs0005 (opens in a new tab)\">https:\/\/www.sciencedirect.com\/science\/article\/pii\/S0941950020301263#abs0005<\/a><\/p>\n\n\n\n<p>Stevanovic, D., Djoric, A., Balhara, Y.P.S., Cirovic, N., Siddharth, A., Ransing, R., Vi Vu Thi, T., Ngoc Huong, T., Tadic, I., Jovic, J., Radovanovic, S., Yilmaz Kafali, H., Erzin,  G., Zahir, V., Rani Roy Chowdhury, M., Sharma, P., Shakya, R., Moreira, P., Olayinka,  A., Mohamad, A., Monteiro Campos, L., Monteiro Campos, P., Moreira Silva, C.,  Carlos Tavares, J., Buoli, M., Burkauskas, J., Ivanovic, I., Szczegielniak, A., Knez, R. (2020). <strong><em>Assessing the symptoms of Internet Gaming Disorder among college\/university students: an international, validation study of a self-report.<\/em><\/strong> Psihologija, 53, 43-63. <a href=\"http:\/\/www.doiserbia.nb.rs\/Article.aspx?ID=0048-57051900015S#.Xepo4-jF_Dc\">http:\/\/<\/a><a href=\"http:\/\/www.doiserbia.nb.rs\/Article.aspx?ID=0048-57051900015S#.Xepo4-jF_Dc\" target=\"_blank\" rel=\"noreferrer noopener\" aria-label=\"www.doiserbia.nb.rs\/Article.aspx?ID=0048-57051900015S#.Xepo4-jF_Dc (opens in a new tab)\">www.doiserbia.nb.rs\/Article.aspx?ID=0048-57051900015S#.Xepo4-jF_Dc<\/a><\/p>\n\n\n\n<p>Moreira, P., Vaz, J. M., Stevanovic, D., Atilola, O., Dodig-\u0106urkovi\u0107, K., Franic, T., Djoric, A., Davidovic, N., Avicenna, M., Multazam, I., Campos, M.L., Ribas, A., Stupar, D., Deljkovic, A., Nussbaum, L., Thabet, A., Ubalde, D., Petrov, P., Vostanis, P., Knez, R. &amp; The International Child Mental Health Study Group (2020). <strong><em>Locus of control, negative life events and psychopathological symptoms in collectivist adolescents<\/em><\/strong>. Personality and Individual Differences, 154, 109601. <a rel=\"noreferrer noopener\" aria-label=\" (opens in a new tab)\" href=\"https:\/\/www.sciencedirect.com\/science\/article\/abs\/pii\/S0191886919305331\" target=\"_blank\">https:\/\/www.sciencedirect.com\/science\/article\/abs\/pii\/S0191886919305331<\/a> <\/p>\n\n\n\n<p>Balhara, Y. P. S., Doric, A., Stevanovic, D., Knez, R., Singh, S., Chowdhury, M.M.R., Kafali, H.Y., Sharma, P., Vally, Z., Vi Vu, T.,  Arya, S., Mahendru, A., Ransing, R., Erzin, G., Le, &amp; H.U.L.T (2019). <strong><em>Correlates of Problematic Internet Use among college and university students in eight countries: An international cross-sectional study<\/em><\/strong>. Asian Journal of Psychiatry, 45, 113-120. h<a href=\"https:\/\/www.sciencedirect.com\/science\/article\/abs\/pii\/S1876201819306409\" target=\"_blank\" rel=\"noreferrer noopener\" aria-label=\" (opens in a new tab)\">ttps:\/\/www.sciencedirect.com\/science\/article\/abs\/pii\/S1876201819306409<\/a><\/p>\n\n\n\n<p>Doric, A., Stevanovic, D., Stupar, D., Vostanis, P., Atilola, O., Moreira, P., Dodig-Curkovic, K., Franic, T., Davidovic, N., Avicenna, M., Multazam Noor, I., Nussbaum, L., Thabet, A., Ubalde, D., Petrov, P., Deljkovic, A.,  Antonio, L.M., Ribas, A., Oliveira, J., Knez, R. (2019). <strong><em>UCLA PTSD reaction index for DSM-5 (PTSD-RI-5): a psychometric study of adolescents sampled from communities in eleven countries.<\/em><\/strong> European Journal of Psychotraumatology, 10, 1605282. <a rel=\"noreferrer noopener\" aria-label=\" (opens in a new tab)\" href=\"https:\/\/www.tandfonline.com\/doi\/full\/10.1080\/20008198.2019.1605282\" target=\"_blank\">https:\/\/www.tandfonline.com\/doi\/full\/10.1080\/20008198.2019.1605282<\/a><\/p>\n\n\n\n<p>Stevanovic, D., Knez, R., Zorcec, T., Anderluh, M., Kodri\u010d, J., Petrov, P., \u0160amija, R. K., Had\u017eagi\u0107 \u0106atibu\u0161i\u0107, F., Deljkovi\u0107, A., Brkic Cvetkovic, A., Vrlji\u010dak Davidovic, N., Kuzmani\u0107 \u0160amija, R., \u0110ori\u0107, A., &amp; Gillberg, C. (2018). <strong><em>ESSENCE-Q: Slavic language versions for developmental screening in young children<\/em><\/strong>. Neuropsychiatric Disease and Treatment, 14, 2141. <a rel=\"noreferrer noopener\" aria-label=\"https:\/\/doi.org\/10.2147\/NDT.S171359 (opens in a new tab)\" href=\"https:\/\/doi.org\/10.2147\/NDT.S171359\" target=\"_blank\">https:\/\/doi.org\/10.2147\/NDT.S171359<\/a><\/p>\n\n\n\n<p>Stevanovi\u0107, D., &amp; Knez, R. (2018). <strong><em>The translation and cultural adaptation of the ESSENCE-Q: Experience from South Slavic language<\/em><\/strong>s.&nbsp;Medicina Fluminensis: Medicina Fluminensis,&nbsp;54(2), 104-107.&nbsp;<a rel=\"noreferrer noopener\" aria-label=\"https:\/\/doi.org\/10.21860\/medflum2018_198899 (opens in a new tab)\" href=\"https:\/\/doi.org\/10.21860\/medflum2018_198899\" target=\"_blank\">https:\/\/doi.org\/10.21860\/medflum2018_198899<\/a><\/p>\n\n\n\n<p>Stevanovic, D., Jafari, P., Knez, R., Franic, T., Atilola, O., Davidovic, N., Bagheri Z. &amp; Lakic, A. (2017).<strong><em> Can we really use available scales for child and adolescent psychopathology across cultures? A systematic review of cross-cultural measurement invariance data<\/em><\/strong>. Transcultural Psychiatry, 54(1), 125-152. <a href=\"http:\/\/journals.sagepub.com\/doi\/abs\/10.1177\/1363461516689215\">http:\/\/journals.sagepub.com\/doi\/abs\/10.1177\/1363461516689215<\/a><\/p>\n\n\n\n<p>Stevanovic, D., Bagheri, Z., Atilola, O., Vostanis, P., Stupar, D., Moreira, P., Franic, T., Davidovic, N., Knez, R., Nik\u0161i\u0107, A., Dodig-\u0106urkovi\u0107, K, Avicenna, M., Multazam Noor, I., Nussbaum, L., Deljkovic, A., Aziz Thabet, A., Petrov, P., Ubalde, D., Monteiro, L. A., &amp; Ribas, R. (2017). <strong><em>Cross-cultural measurement invariance of the Revised Child Anxiety and Depression Scale across 11 worldwide societies<\/em><\/strong>. Epidemiology and Psychiatric Sciences, 6 (4), 430-440.  <a rel=\"noreferrer noopener\" aria-label=\"https:\/\/doi.org\/10.1017\/S204579601600038X (opens in a new tab)\" href=\"https:\/\/doi.org\/10.1017\/S204579601600038X\" target=\"_blank\">https:\/\/doi.org\/10.1017\/S204579601600038X<\/a><\/p>\n\n\n\n<p>Stevanovic, D., Atilola, O., Vostanis, P., Pal Singh Balhara, Y., Avicenna, M., Kandemir, H., Knez R ., Franic T., Petrov, P., Maroco, J., Terzic Supic, Z., &amp; Bagheri, Z. (2016). <strong><em>Cross\u2010Cultural Measurement Invariance of Adolescent Self\u2010Report on the Pediatric Quality of Life Inventory\u2122 4.0.<\/em><\/strong> Journal of Research on Adolescence 26 (4), 687-695.  <a href=\"http:\/\/onlinelibrary.wiley.com\/doi\/10.1111\/jora.12218\/abstract\" target=\"_blank\" rel=\"noreferrer noopener\" aria-label=\" (opens in a new tab)\">http:\/\/onlinelibrary.wiley.com\/doi\/10.1111\/jora.12218\/abstract<\/a><\/p>\n\n\n\n<p>Stevanovic, D., Atilola, O., Balhara, Y. P. S., Avicenna, M., Kandemir, H., Vostanis, P., Knez, R., &amp; Petrov, P. (2015). <strong><em>The Relationships between Alcohol\/Drug Use and Quality of Life among Adolescents: An International, Cross-Sectional Study<\/em><\/strong>. Journal of Child &amp; Adolescent Substance Abuse, 24(4), 177-185. <a href=\"http:\/\/www.tandfonline.com\/doi\/abs\/10.1080\/1067828X.2013.773864#.VgviU-yqpHw\" target=\"_blank\" rel=\"noreferrer noopener\" aria-label=\" (opens in a new tab)\">http:\/\/www.tandfonline.com\/doi\/abs\/10.1080\/1067828X.2013.773864#.VgviU-yqpHw<\/a><\/p>\n\n\n\n<p>Atilola, O. &amp; Stevanovi\u0107, D. (2015).<strong><em> PedsQLTM 4.0 Generic Core Scales for adolescents in the Yoruba language: translation and general psychometric properties<\/em><\/strong>. Clinical Child Psychology and Psychiatry. 2014;19(2):286\u2013298. <a href=\"https:\/\/journals.sagepub.com\/doi\/abs\/10.1177\/1359104513488375?journalCode=ccpa\" target=\"_blank\" rel=\"noreferrer noopener\" aria-label=\" (opens in a new tab)\">https:\/\/journals.sagepub.com\/doi\/abs\/10.1177\/1359104513488375?journalCode=ccpa<\/a> <\/p>\n\n\n\n<p> Atilola, O., Stevanovic, D., Balhara, Y. P., Avicenna, M., Kandemir, H., Knez, R., Petrov, P., Franic, T., &amp; Vostanis, P. (2014). <strong><em>Role of personal and family factors in alcohol and substance use among adolescents: an international study with focus on developing countries. <\/em><\/strong>Journal of psychiatric and mental health nursing, 21(7), 609-617. <a href=\"https:\/\/onlinelibrary.wiley.com\/doi\/abs\/10.1111\/jpm.12133\" target=\"_blank\" rel=\"noreferrer noopener\" aria-label=\" (opens in a new tab)\">https:\/\/onlinelibrary.wiley.com\/doi\/abs\/10.1111\/jpm.12133<\/a><\/p>\n\n\n\n<p> Stevanovic, D., Urb\u00e1n, R., Atilola, O., Vostanis, P., Singh Balhara, Y. P., Avicenna, M., Knez, R., Franic, T., &amp; Petrov, P. (2014). <strong><em>Does the Strengths and Difficulties Questionnaire\u2013self report yield invariant measurements across different nations? Data from the International Child Mental Health Study Group.<\/em><\/strong> Epidemiology and psychiatric sciences, 24(4), 323-334. <a href=\"https:\/\/doi.org\/10.1017\/S2045796014000201\" target=\"_blank\" rel=\"noreferrer noopener\" aria-label=\"https:\/\/doi.org\/10.1017\/S2045796014000201 (opens in a new tab)\">https:\/\/doi.org\/10.1017\/S2045796014000201<\/a><\/p>\n\n\n\n<p> Atilola, O., Balhara, Y. P. S., Stevanovic, D., Avicenna, M., &amp; Kandemir, H. (2013). <em><strong>Self-reported mental health problems among adolescents in developing countries: results from an international pilot sample<\/strong><\/em>. Journal of Developmental &amp; Behavioral Pediatrics, 34(2), 129-137.  <a href=\"https:\/\/insights.ovid.com\/pubmed?pmid=23369959\" target=\"_blank\" rel=\"noreferrer noopener\" aria-label=\" (opens in a new tab)\">https:\/\/insights.ovid.com\/pubmed?pmid=23369959<\/a><\/p>\n\n\n\n<p><\/p>\n\n\n\n<p><strong><em>ABSTRACTS, PRESENTATIONS, &amp; REPORTS<br><\/em><\/strong><\/p>\n\n\n\n<p>Franic, T., Atilol, O., &amp; Stevanovic, D. (2014).<strong><em> Is it possible to conduct collaborative multisite CAP research without funding and without physical contact among collaborators? The International Child Mental Health Study Group (ICMH-SG) experience<\/em><\/strong>. Word Child &amp; Adolescent Psychiatry, WPA, Child and Adolescent Psychiatry Section Official Journal, 6, 20-21. <\/p>\n\n\n\n<p>Stevanovic. D., Atilola, O., Singh Balhara, Y., P., Avicenna, M., Kandemir, H., Vostanis, P., Knez, R., Franic, T., &amp; Petrov, P. (2014). <strong><em>Quality of Life and Psychopathology in Adolescence: Different or Similar Measuring Constructs?<\/em><\/strong> Journal of Mental Health Policy and Economics, 17, S23.<\/p>\n\n\n\n<p> Stevanovic. D., Atilola, O., &amp; ICMH-SG. (2014). <em><strong>Bridging research gaps in developing countries.<\/strong><\/em> IACAPAP Bulletin, 7, 38:25.<\/p>\n\n\n\n<p>Atilola, O., Stevanovic, D., Balhara, Y. P., Avicenna, M., Kandemir, H., Knez, R., Petrov, P., Franic, T., &amp; Vostanis, P. (2014). <em><strong>Role of personal and family factors in alcohol and substance use among adolescents: an international study with focus on developing countries<\/strong><\/em>. 167th Annual APA Meeting, New York, NY, USA, 180.<\/p>\n\n\n\n<p>Stevanovic. D., Atilola, O., Singh Balhara, Y., P., Avicenna, M., Kandemir, H., Vostanis, P., Knez, R., Franic, T., Petrov, P., Vlaskalic, Z. (2013).<strong><em>Relationships Between Psychopathology and Quality of Life Among Adolescents a Structural Equation Modeling Approach<\/em><\/strong>. European Neuropharamacology, 23, SII614. http:\/\/www.sciencedirect.com\/science\/journal\/0924977X\/23\/supp\/S2<\/p>\n","protected":false},"excerpt":{"rendered":"<p>Bagheri, Z., Chamanpara, P., Jafari, P., Balhara, Y. P. S., Arya, S., Ransing, R., Vi Vu Thi, T., Ngoc Huong, T., Yilmaz Kafali, H., Erzin, G., Vally, Z., Rani Roy Chowdhury, M., Sharma, P., Shakya, R., Antonio Monteiro Campos, L., Rebeka Szczegielniak, Stevanovi\u0107, D. (2022). Cross-cultural measurement invariance of the Quality of Life Enjoyment and&#8230;<\/p>\n<p><a href=\"https:\/\/www.icmhsg.org\/index.php\/publications\/\" class=\"more-link\">Read more <span class=\"screen-reader-text\">PUBLICATIONS<\/span><\/a><\/p>\n","protected":false},"author":1,"featured_media":0,"parent":0,"menu_order":0,"comment_status":"closed","ping_status":"closed","template":"","meta":{"footnotes":""},"class_list":["post-120","page","type-page","status-publish","hentry"],"yoast_head":"<!-- This site is optimized with the Yoast SEO plugin v17.6 - https:\/\/yoast.com\/wordpress\/plugins\/seo\/ -->\n<title>PUBLICATIONS - ICMH-SG<\/title>\n<meta name=\"robots\" content=\"index, follow, max-snippet:-1, max-image-preview:large, max-video-preview:-1\" \/>\n<link rel=\"canonical\" href=\"https:\/\/www.icmhsg.org\/index.php\/publications\/\" \/>\n<meta property=\"og:locale\" content=\"en_US\" \/>\n<meta property=\"og:type\" content=\"article\" \/>\n<meta property=\"og:title\" content=\"PUBLICATIONS - ICMH-SG\" \/>\n<meta property=\"og:description\" content=\"Bagheri, Z., Chamanpara, P., Jafari, P., Balhara, Y. P. S., Arya, S., Ransing, R., Vi Vu Thi, T., Ngoc Huong, T., Yilmaz Kafali, H., Erzin, G., Vally, Z., Rani Roy Chowdhury, M., Sharma, P., Shakya, R., Antonio Monteiro Campos, L., Rebeka Szczegielniak, Stevanovi\u0107, D. (2022). Cross-cultural measurement invariance of the Quality of Life Enjoyment and...Read more PUBLICATIONS\" \/>\n<meta property=\"og:url\" content=\"https:\/\/www.icmhsg.org\/index.php\/publications\/\" \/>\n<meta property=\"og:site_name\" content=\"ICMH-SG\" \/>\n<meta property=\"article:publisher\" content=\"https:\/\/www.facebook.com\/International-Child-Mental-Health-Study-Group-423569974422042\/\" \/>\n<meta property=\"article:modified_time\" content=\"2022-07-10T16:38:32+00:00\" \/>\n<meta name=\"twitter:card\" content=\"summary_large_image\" \/>\n<meta name=\"twitter:site\" content=\"@ICMHGroup\" \/>\n<meta name=\"twitter:label1\" content=\"Est. reading time\" \/>\n\t<meta name=\"twitter:data1\" content=\"6 minutes\" \/>\n<script type=\"application\/ld+json\" class=\"yoast-schema-graph\">{\"@context\":\"https:\/\/schema.org\",\"@graph\":[{\"@type\":\"WebSite\",\"@id\":\"https:\/\/www.icmhsg.org\/#website\",\"url\":\"https:\/\/www.icmhsg.org\/\",\"name\":\"ICMHSG\",\"description\":\"Brighter future for cross-cultural research\",\"potentialAction\":[{\"@type\":\"SearchAction\",\"target\":{\"@type\":\"EntryPoint\",\"urlTemplate\":\"https:\/\/www.icmhsg.org\/?s={search_term_string}\"},\"query-input\":\"required name=search_term_string\"}],\"inLanguage\":\"en-US\"},{\"@type\":\"WebPage\",\"@id\":\"https:\/\/www.icmhsg.org\/index.php\/publications\/#webpage\",\"url\":\"https:\/\/www.icmhsg.org\/index.php\/publications\/\",\"name\":\"PUBLICATIONS - ICMH-SG\",\"isPartOf\":{\"@id\":\"https:\/\/www.icmhsg.org\/#website\"},\"datePublished\":\"2019-12-06T14:12:14+00:00\",\"dateModified\":\"2022-07-10T16:38:32+00:00\",\"breadcrumb\":{\"@id\":\"https:\/\/www.icmhsg.org\/index.php\/publications\/#breadcrumb\"},\"inLanguage\":\"en-US\",\"potentialAction\":[{\"@type\":\"ReadAction\",\"target\":[\"https:\/\/www.icmhsg.org\/index.php\/publications\/\"]}]},{\"@type\":\"BreadcrumbList\",\"@id\":\"https:\/\/www.icmhsg.org\/index.php\/publications\/#breadcrumb\",\"itemListElement\":[{\"@type\":\"ListItem\",\"position\":1,\"name\":\"Home\",\"item\":\"https:\/\/www.icmhsg.org\/\"},{\"@type\":\"ListItem\",\"position\":2,\"name\":\"PUBLICATIONS\"}]}]}<\/script>\n<!-- \/ Yoast SEO plugin. -->","yoast_head_json":{"title":"PUBLICATIONS - ICMH-SG","robots":{"index":"index","follow":"follow","max-snippet":"max-snippet:-1","max-image-preview":"max-image-preview:large","max-video-preview":"max-video-preview:-1"},"canonical":"https:\/\/www.icmhsg.org\/index.php\/publications\/","og_locale":"en_US","og_type":"article","og_title":"PUBLICATIONS - ICMH-SG","og_description":"Bagheri, Z., Chamanpara, P., Jafari, P., Balhara, Y. P. S., Arya, S., Ransing, R., Vi Vu Thi, T., Ngoc Huong, T., Yilmaz Kafali, H., Erzin, G., Vally, Z., Rani Roy Chowdhury, M., Sharma, P., Shakya, R., Antonio Monteiro Campos, L., Rebeka Szczegielniak, Stevanovi\u0107, D. (2022). Cross-cultural measurement invariance of the Quality of Life Enjoyment and...Read more PUBLICATIONS","og_url":"https:\/\/www.icmhsg.org\/index.php\/publications\/","og_site_name":"ICMH-SG","article_publisher":"https:\/\/www.facebook.com\/International-Child-Mental-Health-Study-Group-423569974422042\/","article_modified_time":"2022-07-10T16:38:32+00:00","twitter_card":"summary_large_image","twitter_site":"@ICMHGroup","twitter_misc":{"Est. reading time":"6 minutes"},"schema":{"@context":"https:\/\/schema.org","@graph":[{"@type":"WebSite","@id":"https:\/\/www.icmhsg.org\/#website","url":"https:\/\/www.icmhsg.org\/","name":"ICMHSG","description":"Brighter future for cross-cultural research","potentialAction":[{"@type":"SearchAction","target":{"@type":"EntryPoint","urlTemplate":"https:\/\/www.icmhsg.org\/?s={search_term_string}"},"query-input":"required name=search_term_string"}],"inLanguage":"en-US"},{"@type":"WebPage","@id":"https:\/\/www.icmhsg.org\/index.php\/publications\/#webpage","url":"https:\/\/www.icmhsg.org\/index.php\/publications\/","name":"PUBLICATIONS - ICMH-SG","isPartOf":{"@id":"https:\/\/www.icmhsg.org\/#website"},"datePublished":"2019-12-06T14:12:14+00:00","dateModified":"2022-07-10T16:38:32+00:00","breadcrumb":{"@id":"https:\/\/www.icmhsg.org\/index.php\/publications\/#breadcrumb"},"inLanguage":"en-US","potentialAction":[{"@type":"ReadAction","target":["https:\/\/www.icmhsg.org\/index.php\/publications\/"]}]},{"@type":"BreadcrumbList","@id":"https:\/\/www.icmhsg.org\/index.php\/publications\/#breadcrumb","itemListElement":[{"@type":"ListItem","position":1,"name":"Home","item":"https:\/\/www.icmhsg.org\/"},{"@type":"ListItem","position":2,"name":"PUBLICATIONS"}]}]}},"_links":{"self":[{"href":"https:\/\/www.icmhsg.org\/index.php\/wp-json\/wp\/v2\/pages\/120","targetHints":{"allow":["GET"]}}],"collection":[{"href":"https:\/\/www.icmhsg.org\/index.php\/wp-json\/wp\/v2\/pages"}],"about":[{"href":"https:\/\/www.icmhsg.org\/index.php\/wp-json\/wp\/v2\/types\/page"}],"author":[{"embeddable":true,"href":"https:\/\/www.icmhsg.org\/index.php\/wp-json\/wp\/v2\/users\/1"}],"replies":[{"embeddable":true,"href":"https:\/\/www.icmhsg.org\/index.php\/wp-json\/wp\/v2\/comments?post=120"}],"version-history":[{"count":18,"href":"https:\/\/www.icmhsg.org\/index.php\/wp-json\/wp\/v2\/pages\/120\/revisions"}],"predecessor-version":[{"id":589,"href":"https:\/\/www.icmhsg.org\/index.php\/wp-json\/wp\/v2\/pages\/120\/revisions\/589"}],"wp:attachment":[{"href":"https:\/\/www.icmhsg.org\/index.php\/wp-json\/wp\/v2\/media?parent=120"}],"curies":[{"name":"wp","href":"https:\/\/api.w.org\/{rel}","templated":true}]}}